{"id":7975,"date":"2021-08-18T13:51:57","date_gmt":"2021-08-18T19:51:57","guid":{"rendered":"http:\/\/eco.tritoncomunica.com\/?page_id=7975"},"modified":"2021-08-20T17:32:01","modified_gmt":"2021-08-20T23:32:01","slug":"testing-and-services-009","status":"publish","type":"page","link":"https:\/\/ecosistemas.com.gt\/en\/testing-and-services-009\/","title":{"rendered":"Testing and services"},"content":{"rendered":"<section class=\"wpb-content-wrapper\"><p>[vc_row bg_type=&#8221;&#8221; dima_canvas_style=&#8221;&#8221; translate_x=&#8221;0&#8243; dima_z_index=&#8221;0&#8243; delay=&#8221;&#8221; delay_duration=&#8221;&#8221; delay_offset=&#8221;&#8221;][vc_column min_height=&#8221;&#8221; bg_type=&#8221;&#8221; dima_canvas_style=&#8221;&#8221; translate_x=&#8221;0&#8243; dima_z_index=&#8221;0&#8243; delay=&#8221;&#8221; delay_duration=&#8221;&#8221; delay_offset=&#8221;&#8221; width=&#8221;1\/6&#8243;]<header  class=\"icon-box-header\" ><div class=\"image-cropper thumb  medium  \" ><img loading=\"lazy\" decoding=\"async\" class=\"background-image\" src=\"https:\/\/ecosistemas.com.gt\/wp-content\/uploads\/2021\/07\/I\u0301conosAna\u0301lisis12.png\" width=\"625\" height=\"625\" alt=\"\"><\/div><\/header>[\/vc_column][vc_column min_height=&#8221;&#8221; bg_type=&#8221;&#8221; dima_canvas_style=&#8221;&#8221; translate_x=&#8221;0&#8243; dima_z_index=&#8221;0&#8243; delay=&#8221;&#8221; delay_duration=&#8221;&#8221; delay_offset=&#8221;&#8221; width=&#8221;2\/3&#8243;]<h4 style=\"text-align: left;\">Service for flow measurement<\/h4>\n<p style=\"text-align: left; font-size: 1.1em;\">In the corresponding space, please, select the number of samples you need to analyze, include your contact information, and send your request. We will contact you soon.<\/p>\n[\/vc_column][vc_column min_height=&#8221;&#8221; bg_type=&#8221;&#8221; dima_canvas_style=&#8221;&#8221; translate_x=&#8221;0&#8243; dima_z_index=&#8221;0&#8243; delay=&#8221;&#8221; delay_duration=&#8221;&#8221; delay_offset=&#8221;&#8221; width=&#8221;1\/6&#8243;]<a   data-direction=\"down\" class=\"dima-button  dima-btn-no-rounded fill dima-btn-small float-center icon\"  href=\"\/en\/dima-portfolio\/environmental-control-and-surveillance\/\"    ><i class=\"fas fa-chevron-left\"><\/i>TESTING<\/a>[\/vc_column][\/vc_row][vc_row bg_type=&#8221;&#8221; dima_canvas_style=&#8221;&#8221; translate_x=&#8221;0&#8243; dima_z_index=&#8221;0&#8243; delay=&#8221;&#8221; delay_duration=&#8221;&#8221; delay_offset=&#8221;&#8221;][vc_column min_height=&#8221;&#8221; bg_type=&#8221;&#8221; dima_canvas_style=&#8221;&#8221; translate_x=&#8221;0&#8243; dima_z_index=&#8221;0&#8243; delay=&#8221;&#8221; delay_duration=&#8221;&#8221; delay_offset=&#8221;&#8221; width=&#8221;1\/1&#8243;]\n<div class=\"wpcf7 no-js\" id=\"wpcf7-f8108-o1\" lang=\"es-ES\" dir=\"ltr\" data-wpcf7-id=\"8108\">\n<div class=\"screen-reader-response\"><p role=\"status\" aria-live=\"polite\" aria-atomic=\"true\"><\/p> <ul><\/ul><\/div>\n<form action=\"\/en\/wp-json\/wp\/v2\/pages\/7975#wpcf7-f8108-o1\" method=\"post\" class=\"wpcf7-form init\" aria-label=\"Formulario de contacto\" novalidate=\"novalidate\" data-status=\"init\">\n<fieldset class=\"hidden-fields-container\"><input type=\"hidden\" name=\"_wpcf7\" value=\"8108\" \/><input type=\"hidden\" name=\"_wpcf7_version\" value=\"6.1.5\" \/><input type=\"hidden\" name=\"_wpcf7_locale\" value=\"es_ES\" \/><input type=\"hidden\" name=\"_wpcf7_unit_tag\" value=\"wpcf7-f8108-o1\" \/><input type=\"hidden\" name=\"_wpcf7_container_post\" value=\"0\" \/><input type=\"hidden\" name=\"_wpcf7_posted_data_hash\" value=\"\" \/>\n<\/fieldset>\n<h4 id=\"p009\">&nbsp;\n<\/h4>\n<table class=\"tabla-formulario\" border=\"0\" width=\"100%\" cellspacing=\"0\" cellpadding=\"0\">\n\t<tbody>\n\t\t<tr>\n\t\t\t<th scope=\"col\" width=\"15%\">\n\t\t\t\t<p>CODE\n\t\t\t\t<\/p>\n\t\t\t<\/th>\n\t\t\t<th scope=\"col\" width=\"60%\">\n\t\t\t\t<p>EQUIPMENT\n\t\t\t\t<\/p>\n\t\t\t<\/th>\n\t\t\t<th scope=\"col\" width=\"25%\">\n\t\t\t\t<p>No. OF SAMPLES\n\t\t\t\t<\/p>\n\t\t\t<\/th>\n\t\t<\/tr>\n\t\t<tr>\n\t\t\t<td>\n\t\t\t\t<p>00901\n\t\t\t\t<\/p>\n\t\t\t<\/td>\n\t\t\t<td style=\"text-align: left;\">\n\t\t\t\t<p>Medici\u00f3n de Caudal (24 horas)\n\t\t\t\t<\/p>\n\t\t\t<\/td>\n\t\t\t<td valign=\"bottom\" style=\"vertical-align: bottom;\">\n\t\t\t\t<p><span class=\"wpcf7-form-control-wrap\" data-name=\"p00901\"><input class=\"wpcf7-form-control wpcf7-number wpcf7-validates-as-number\" min=\"0\" max=\"150\" aria-invalid=\"false\" value=\"\" type=\"number\" name=\"p00901\" \/><\/span>\n\t\t\t\t<\/p>\n\t\t\t<\/td>\n\t\t<\/tr>\n\t\t<tr>\n\t\t\t<td>\n\t\t\t\t<p>00902\n\t\t\t\t<\/p>\n\t\t\t<\/td>\n\t\t\t<td style=\"text-align: left;\">\n\t\t\t\t<p>Medici\u00f3n de Caudal instant\u00e1neo (molinete)\n\t\t\t\t<\/p>\n\t\t\t<\/td>\n\t\t\t<td valign=\"bottom\" style=\"vertical-align: bottom;\">\n\t\t\t\t<p><span class=\"wpcf7-form-control-wrap\" data-name=\"p00902\"><input class=\"wpcf7-form-control wpcf7-number wpcf7-validates-as-number\" min=\"0\" max=\"150\" aria-invalid=\"false\" value=\"\" type=\"number\" name=\"p00902\" \/><\/span>\n\t\t\t\t<\/p>\n\t\t\t<\/td>\n\t\t<\/tr>\n\t\t<tr>\n\t\t\t<td>\n\t\t\t\t<p>00903\n\t\t\t\t<\/p>\n\t\t\t<\/td>\n\t\t\t<td style=\"text-align: left;\">\n\t\t\t\t<p>Medici\u00f3n de Caudal instant\u00e1neo (Volum\u00e9trico)\n\t\t\t\t<\/p>\n\t\t\t<\/td>\n\t\t\t<td valign=\"bottom\" style=\"vertical-align: bottom;\">\n\t\t\t\t<p><span class=\"wpcf7-form-control-wrap\" data-name=\"p00903\"><input class=\"wpcf7-form-control wpcf7-number wpcf7-validates-as-number\" min=\"0\" max=\"150\" aria-invalid=\"false\" value=\"\" type=\"number\" name=\"p00903\" \/><\/span>\n\t\t\t\t<\/p>\n\t\t\t<\/td>\n\t\t<\/tr>\n\t<\/tbody>\n<\/table>\n<p>Depending on the type of effluent.\n<\/p>\n<p>Requesting person (name, required)\n<\/p>\n<p><span class=\"wpcf7-form-control-wrap\" data-name=\"solicitante\"><input size=\"40\" maxlength=\"400\" class=\"wpcf7-form-control wpcf7-text wpcf7-validates-as-required\" aria-required=\"true\" aria-invalid=\"false\" value=\"\" type=\"text\" name=\"solicitante\" \/><\/span>\n<\/p>\n<p>Company (required)\n<\/p>\n<p><span class=\"wpcf7-form-control-wrap\" data-name=\"empresa\"><input size=\"40\" maxlength=\"400\" class=\"wpcf7-form-control wpcf7-text wpcf7-validates-as-required\" aria-required=\"true\" aria-invalid=\"false\" value=\"\" type=\"text\" name=\"empresa\" \/><\/span>\n<\/p>\n<p>Phone\n<\/p>\n<p><span class=\"wpcf7-form-control-wrap\" data-name=\"telefono\"><input size=\"40\" maxlength=\"400\" class=\"wpcf7-form-control wpcf7-tel wpcf7-text wpcf7-validates-as-tel\" aria-invalid=\"false\" value=\"\" type=\"tel\" name=\"telefono\" \/><\/span>\n<\/p>\n<p>E-mail (required)\n<\/p>\n<p><span class=\"wpcf7-form-control-wrap\" data-name=\"correo\"><input size=\"40\" maxlength=\"400\" class=\"wpcf7-form-control wpcf7-email wpcf7-validates-as-required wpcf7-text wpcf7-validates-as-email\" aria-required=\"true\" aria-invalid=\"false\" value=\"\" type=\"email\" name=\"correo\" \/><\/span>\n<\/p>\n<p>Do you need sample collection?\n<\/p>\n<p><span class=\"wpcf7-form-control-wrap\" data-name=\"captacion\"><select class=\"wpcf7-form-control wpcf7-select\" aria-invalid=\"false\" name=\"captacion\"><option value=\"No\">No<\/option><option value=\"Si\">Si<\/option><\/select><\/span>\n<\/p>\n<p>Direcci\u00f3n de la captaci\u00f3n de muestra\n<\/p>\n<p><span class=\"wpcf7-form-control-wrap\" data-name=\"captacion-direccion\"><input size=\"40\" maxlength=\"400\" class=\"wpcf7-form-control wpcf7-text\" aria-invalid=\"false\" value=\"\" type=\"text\" name=\"captacion-direccion\" \/><\/span>\n<\/p>\n<p>\u00bfRequiere asesor\u00eda?\n<\/p>\n<p><span class=\"wpcf7-form-control-wrap\" data-name=\"asesoria\"><select class=\"wpcf7-form-control wpcf7-select\" aria-invalid=\"false\" name=\"asesoria\"><option value=\"No\">No<\/option><option value=\"Yes\">Yes<\/option><\/select><\/span>\n<\/p>\n<p>Comments\n<\/p>\n<p><span class=\"wpcf7-form-control-wrap\" data-name=\"comentario\"><textarea cols=\"40\" rows=\"10\" maxlength=\"2000\" class=\"wpcf7-form-control wpcf7-textarea\" aria-invalid=\"false\" name=\"comentario\"><\/textarea><\/span>\n<\/p>\n<p><input type=\"hidden\" name=\"_wpcf7_captcha_challenge_captcha-937\" value=\"4251171764\" \/><img loading=\"lazy\" decoding=\"async\" class=\"wpcf7-form-control wpcf7-captchac wpcf7-captcha-captcha-937\" width=\"72\" height=\"24\" alt=\"captcha\" src=\"https:\/\/ecosistemas.com.gt\/wp-content\/uploads\/wpcf7_captcha\/4251171764.png\" \/><span class=\"wpcf7-form-control-wrap\" data-name=\"captcha-937\"><input size=\"40\" class=\"wpcf7-form-control wpcf7-captchar\" autocomplete=\"off\" aria-invalid=\"false\" value=\"\" type=\"text\" name=\"captcha-937\" \/><\/span>\n<\/p>\n<p><input class=\"wpcf7-form-control wpcf7-submit has-spinner\" type=\"submit\" value=\"REQUEST\" \/>\n<\/p><div class=\"wpcf7-response-output\" aria-hidden=\"true\"><\/div>\n<\/form>\n<\/div>\n[\/vc_column][\/vc_row]<\/p>\n<\/section>","protected":false},"excerpt":{"rendered":"<p>[vc_row bg_type=&#8221;&#8221; dima_canvas_style=&#8221;&#8221; translate_x=&#8221;0&#8243; dima_z_index=&#8221;0&#8243; delay=&#8221;&#8221; delay_duration=&#8221;&#8221; delay_offset=&#8221;&#8221;][vc_column min_height=&#8221;&#8221; bg_type=&#8221;&#8221; dima_canvas_style=&#8221;&#8221; translate_x=&#8221;0&#8243; dima_z_index=&#8221;0&#8243; delay=&#8221;&#8221; delay_duration=&#8221;&#8221; delay_offset=&#8221;&#8221; width=&#8221;1\/6&#8243;][\/vc_column][vc_column min_height=&#8221;&#8221; bg_type=&#8221;&#8221; dima_canvas_style=&#8221;&#8221; translate_x=&#8221;0&#8243; dima_z_index=&#8221;0&#8243; delay=&#8221;&#8221; delay_duration=&#8221;&#8221; delay_offset=&#8221;&#8221; width=&#8221;2\/3&#8243;][\/vc_column][vc_column min_height=&#8221;&#8221; bg_type=&#8221;&#8221; dima_canvas_style=&#8221;&#8221; translate_x=&#8221;0&#8243; dima_z_index=&#8221;0&#8243; delay=&#8221;&#8221; delay_duration=&#8221;&#8221; delay_offset=&#8221;&#8221; width=&#8221;1\/6&#8243;][\/vc_column][\/vc_row][vc_row bg_type=&#8221;&#8221; dima_canvas_style=&#8221;&#8221; translate_x=&#8221;0&#8243; dima_z_index=&#8221;0&#8243; delay=&#8221;&#8221; delay_duration=&#8221;&#8221; delay_offset=&#8221;&#8221;][vc_column min_height=&#8221;&#8221; bg_type=&#8221;&#8221; dima_canvas_style=&#8221;&#8221; translate_x=&#8221;0&#8243; dima_z_index=&#8221;0&#8243; delay=&#8221;&#8221; delay_duration=&#8221;&#8221; delay_offset=&#8221;&#8221; width=&#8221;1\/1&#8243;][\/vc_column][\/vc_row]<\/p>\n","protected":false},"author":2,"featured_media":0,"parent":0,"menu_order":0,"comment_status":"closed","ping_status":"closed","template":"","meta":{"footnotes":""},"class_list":["post-7975","page","type-page","status-publish","hentry"],"aioseo_notices":[],"_links":{"self":[{"href":"https:\/\/ecosistemas.com.gt\/en\/wp-json\/wp\/v2\/pages\/7975","targetHints":{"allow":["GET"]}}],"collection":[{"href":"https:\/\/ecosistemas.com.gt\/en\/wp-json\/wp\/v2\/pages"}],"about":[{"href":"https:\/\/ecosistemas.com.gt\/en\/wp-json\/wp\/v2\/types\/page"}],"author":[{"embeddable":true,"href":"https:\/\/ecosistemas.com.gt\/en\/wp-json\/wp\/v2\/users\/2"}],"replies":[{"embeddable":true,"href":"https:\/\/ecosistemas.com.gt\/en\/wp-json\/wp\/v2\/comments?post=7975"}],"version-history":[{"count":4,"href":"https:\/\/ecosistemas.com.gt\/en\/wp-json\/wp\/v2\/pages\/7975\/revisions"}],"predecessor-version":[{"id":8126,"href":"https:\/\/ecosistemas.com.gt\/en\/wp-json\/wp\/v2\/pages\/7975\/revisions\/8126"}],"wp:attachment":[{"href":"https:\/\/ecosistemas.com.gt\/en\/wp-json\/wp\/v2\/media?parent=7975"}],"curies":[{"name":"wp","href":"https:\/\/api.w.org\/{rel}","templated":true}]}}